{"id":811,"date":"2020-03-25T10:58:13","date_gmt":"2020-03-25T09:58:13","guid":{"rendered":"http:\/\/parafianiwa.pl\/?page_id=811"},"modified":"2020-03-25T14:52:36","modified_gmt":"2020-03-25T13:52:36","slug":"rycerstwo-niepokalanej","status":"publish","type":"page","link":"https:\/\/parafianiwa.pl\/index.php\/rycerstwo-niepokalanej\/","title":{"rendered":"Rycerstwo Niepokalanej"},"content":{"rendered":"\n<p class=\"has-text-align-center\">W\nnaszej parafii od wielu lat dzia\u0142a wsp\u00f3lnota, kt\u00f3rej celem jest s\u0142u\u017cba\nNiepokalanej Maryi. Spotkania odbywaj\u0105 si\u0119 zawsze w pierwsz\u0105 sobot\u0119 miesi\u0105ca,\nkt\u00f3ra szczeg\u00f3lnie po\u015bwi\u0119cona jest Matce Naj\u015bwi\u0119tszej, po Mszy \u015awi\u0119tej\nwieczornej w salce na plebani. Na spotkaniach poruszane s\u0105 ciekawe tematy\nzwi\u0105zane z wiar\u0105, z nasz\u0105 codzienno\u015bci\u0105.<\/p>\n\n\n\n<p class=\"has-text-align-center\">Samo\ndzie\u0142o Rycerstwa Niepokalanej powsta\u0142o w 1917 roku przez \u015bw. Maksymiliana Marii\nKolbego.&nbsp; Statut tej organizacji jako\npodstawowy <em>cel dzia\u0142alno\u015bci wskazywa\u0142\nstaranie si\u0119 o nawr\u00f3cenie grzesznik\u00f3w, heretyk\u00f3w, schizmatyk\u00f3w itd., a\nnajbardziej mason\u00f3w, oraz u\u015bwi\u0119cenie wszystkich pod opiek\u0105 i za po\u015brednictwem\nNaj\u015bwi\u0119tszej Maryi Panny Niepokalanej<\/em>. Za\u0142o\u017cyciel szczeg\u00f3ln\u0105 uwag\u0119\nprzyk\u0142ada\u0142 do modlitwy za cz\u0142onk\u00f3w l\u00f3\u017c wolnomularskich, kt\u00f3rych dzia\u0142alno\u015b\u0107\npostrzega\u0142 jako olbrzymie zagro\u017cenie. &nbsp;<\/p>\n","protected":false},"excerpt":{"rendered":"<p>W naszej parafii od wielu lat dzia\u0142a wsp\u00f3lnota, kt\u00f3rej celem jest s\u0142u\u017cba Niepokalanej Maryi. Spotkania odbywaj\u0105 si\u0119 zawsze w pierwsz\u0105 sobot\u0119 miesi\u0105ca, [&hellip;]<\/p>\n","protected":false},"author":1,"featured_media":0,"parent":0,"menu_order":0,"comment_status":"closed","ping_status":"closed","template":"","meta":{"footnotes":""},"_links":{"self":[{"href":"https:\/\/parafianiwa.pl\/index.php\/wp-json\/wp\/v2\/pages\/811"}],"collection":[{"href":"https:\/\/parafianiwa.pl\/index.php\/wp-json\/wp\/v2\/pages"}],"about":[{"href":"https:\/\/parafianiwa.pl\/index.php\/wp-json\/wp\/v2\/types\/page"}],"author":[{"embeddable":true,"href":"https:\/\/parafianiwa.pl\/index.php\/wp-json\/wp\/v2\/users\/1"}],"replies":[{"embeddable":true,"href":"https:\/\/parafianiwa.pl\/index.php\/wp-json\/wp\/v2\/comments?post=811"}],"version-history":[{"count":3,"href":"https:\/\/parafianiwa.pl\/index.php\/wp-json\/wp\/v2\/pages\/811\/revisions"}],"predecessor-version":[{"id":873,"href":"https:\/\/parafianiwa.pl\/index.php\/wp-json\/wp\/v2\/pages\/811\/revisions\/873"}],"wp:attachment":[{"href":"https:\/\/parafianiwa.pl\/index.php\/wp-json\/wp\/v2\/media?parent=811"}],"curies":[{"name":"wp","href":"https:\/\/api.w.org\/{rel}","templated":true}]}}