{"id":638,"date":"2020-03-18T17:04:12","date_gmt":"2020-03-18T16:04:12","guid":{"rendered":"http:\/\/parafianiwa.pl\/?page_id=638"},"modified":"2020-06-28T12:24:40","modified_gmt":"2020-06-28T10:24:40","slug":"liturgiczna-sluzba-oltarza","status":"publish","type":"page","link":"https:\/\/parafianiwa.pl\/index.php\/liturgiczna-sluzba-oltarza\/","title":{"rendered":"Liturgiczna S\u0142u\u017cba O\u0142tarza"},"content":{"rendered":"\n<div id=\"wp-block-themeisle-blocks-slider-3c26642c\" class=\"wp-block-themeisle-blocks-slider glide\" data-per-view=\"1\" data-gap=\"0\" data-peek=\"0\" data-autoplay=\"3000\" data-height=\"400px\"><div class=\"glide__track\" data-glide-el=\"track\"><div class=\"glide__slides\"><div class=\"wp-block-themeisle-blocks-slider-item-wrapper glide__slide\" tabindex=\"0\"><figure><img decoding=\"async\" class=\"wp-block-themeisle-blocks-slider-item\" src=\"http:\/\/parafianiwa.pl\/wp-content\/uploads\/2020\/03\/90592253_3070962909602193_4533989609071181824_n-scaled.jpg\" alt=\"\" title=\"\" data-id=\"868\"\/><\/figure><\/div><div class=\"wp-block-themeisle-blocks-slider-item-wrapper glide__slide\" tabindex=\"0\"><figure><img decoding=\"async\" class=\"wp-block-themeisle-blocks-slider-item\" src=\"http:\/\/parafianiwa.pl\/wp-content\/uploads\/2020\/03\/90869049_146724313358542_1680659744177520640_n-1-scaled.jpg\" alt=\"\" title=\"\" data-id=\"867\"\/><\/figure><\/div><\/div><div class=\"glide__bullets\" data-glide-el=\"controls[nav]\"><button class=\"glide__bullet\" data-glide-dir=\"=0\"><\/button><button class=\"glide__bullet\" data-glide-dir=\"=1\"><\/button><\/div><\/div><\/div>\n\n\n\n<hr class=\"wp-block-separator\"\/>\n\n\n\n<p class=\"has-text-align-center\">Liturgiczna S\u0142u\u017cba\nO\u0142tarza skupia w sobie lektor\u00f3w i ministrant\u00f3w. To jedna z wa\u017cniejszych\nwsp\u00f3lnot w parafii, gdy\u017c bez niej nie ma pi\u0119knej liturgii oraz uroczystych\nceremonii. To grupa, kt\u00f3ra stoi najbli\u017cej o\u0142tarza. <\/p>\n\n\n\n<p class=\"has-text-align-center\">W naszej parafii,\njest wielu lektor\u00f3w i ministrant\u00f3w, kt\u00f3rzy po\u015bwi\u0119caj\u0105 sw\u00f3j czas dla Boga s\u0142u\u017c\u0105c\nMu. Jest to ich pi\u0119kne \u015bwiadectwo, na kt\u00f3re spogl\u0105daj\u0105 parafianie uczestnicz\u0105cy\nw Eucharystii.<\/p>\n\n\n\n<p class=\"has-text-align-center\">Zbi\u00f3rki lektor\u00f3w i\nministrant\u00f3w odbywaj\u0105 si\u0119 co drugi wtorek po Mszy \u015awi\u0119tej wieczornej. Je\u017celi\njeste\u015b ch\u0119tny do s\u0142u\u017cby przy o\u0142tarzu, nie wahaj si\u0119 lecz spr\u00f3buj. Czas\npo\u015bwi\u0119cony na s\u0142u\u017cb\u0119 Bogu nigdy nie b\u0119dzie czasem stracony ale najlepiej\nwykorzystanym. <\/p>\n\n\n\n<hr class=\"wp-block-separator\"\/>\n\n\n<ul class=\"wp-block-latest-posts__list is-grid columns-2 has-dates wp-block-latest-posts\"><li><div class=\"wp-block-latest-posts__featured-image aligncenter\"><img decoding=\"async\" width=\"150\" height=\"150\" src=\"https:\/\/parafianiwa.pl\/wp-content\/uploads\/2024\/12\/468527129_873853178288315_3569498915949826239_n-e1733089696398-150x150.jpg\" class=\"attachment-thumbnail size-thumbnail wp-post-image\" alt=\"\" style=\"max-width:300px;max-height:300px;\" \/><\/div><a class=\"wp-block-latest-posts__post-title\" href=\"https:\/\/parafianiwa.pl\/index.php\/2024\/12\/01\/przyjecie-nowych-ministrantow\/\">Przyj\u0119cie nowych ministrant\u00f3w<\/a><time datetime=\"2024-12-01T22:48:25+01:00\" class=\"wp-block-latest-posts__post-date\">1 grudnia 2024<\/time><div class=\"wp-block-latest-posts__post-excerpt\">W Pierwsz\u0105 Niedziel\u0119 Adwentu przyj\u0119li\u015bmy do grona S\u0142u\u017cby Liturgicznej trzech nowych ministrant\u00f3w . Dzi\u0119kujemy nowym ministrantom oraz ich rodzicom za \u015bwiadectwo wiary&#8230; <a href=\"https:\/\/parafianiwa.pl\/index.php\/2024\/12\/01\/przyjecie-nowych-ministrantow\/\" rel=\"noopener noreferrer\">Czytaj wi\u0119cej<span class=\"screen-reader-text\">: Przyj\u0119cie nowych ministrant\u00f3w<\/span><\/a><\/div><\/li>\n<li><div class=\"wp-block-latest-posts__featured-image aligncenter\"><img decoding=\"async\" width=\"150\" height=\"150\" src=\"https:\/\/parafianiwa.pl\/wp-content\/uploads\/2020\/06\/50051907396_b68778f046_o-150x150.jpg\" class=\"attachment-thumbnail size-thumbnail wp-post-image\" alt=\"\" style=\"max-width:300px;max-height:300px;\" \/><\/div><a class=\"wp-block-latest-posts__post-title\" href=\"https:\/\/parafianiwa.pl\/index.php\/2020\/06\/28\/blogoslawienstwo-ceremoniarzy-parafialnych\/\">B\u0142ogos\u0142awie\u0144stwo Ceremoniarzy Parafialnych<\/a><time datetime=\"2020-06-28T11:59:34+02:00\" class=\"wp-block-latest-posts__post-date\">28 czerwca 2020<\/time><div class=\"wp-block-latest-posts__post-excerpt\">Dnia 27 czerwca br. W Kr\u00f3lewskiej Katedrze na Wawelu mia\u0142o miejsce uroczyste b\u0142ogos\u0142awie\u0144stwo nowych ceremoniarzy parafialnych. Jest dla nas wielk\u0105 rado\u015bci\u0105, \u017ce&#8230; <a href=\"https:\/\/parafianiwa.pl\/index.php\/2020\/06\/28\/blogoslawienstwo-ceremoniarzy-parafialnych\/\" rel=\"noopener noreferrer\">Czytaj wi\u0119cej<span class=\"screen-reader-text\">: B\u0142ogos\u0142awie\u0144stwo Ceremoniarzy Parafialnych<\/span><\/a><\/div><\/li>\n<\/ul>\n\n\n<div class=\"wp-block-columns is-layout-flex wp-container-core-columns-layout-1 wp-block-columns-is-layout-flex\">\n<div class=\"wp-block-column is-layout-flow wp-block-column-is-layout-flow\">\n<div class=\"wp-block-button aligncenter is-style-outline\"><a class=\"wp-block-button__link no-border-radius\" href=\"http:\/\/parafianiwa.pl\/index.php\/grupy-parafialne\/\">Powr\u00f3t<\/a><\/div>\n<\/div>\n\n\n\n<div class=\"wp-block-column is-layout-flow wp-block-column-is-layout-flow\">\n<div class=\"wp-block-button aligncenter is-style-outline\"><a class=\"wp-block-button__link no-border-radius\" href=\"https:\/\/facebook.com\/parafianiwa\">Parafialny Facebook<\/a><\/div>\n<\/div>\n<\/div>\n","protected":false},"excerpt":{"rendered":"<p>Liturgiczna S\u0142u\u017cba O\u0142tarza skupia w sobie lektor\u00f3w i ministrant\u00f3w. To jedna z wa\u017cniejszych wsp\u00f3lnot w parafii, gdy\u017c bez niej nie ma pi\u0119knej [&hellip;]<\/p>\n","protected":false},"author":1,"featured_media":0,"parent":0,"menu_order":0,"comment_status":"closed","ping_status":"closed","template":"","meta":{"footnotes":""},"_links":{"self":[{"href":"https:\/\/parafianiwa.pl\/index.php\/wp-json\/wp\/v2\/pages\/638"}],"collection":[{"href":"https:\/\/parafianiwa.pl\/index.php\/wp-json\/wp\/v2\/pages"}],"about":[{"href":"https:\/\/parafianiwa.pl\/index.php\/wp-json\/wp\/v2\/types\/page"}],"author":[{"embeddable":true,"href":"https:\/\/parafianiwa.pl\/index.php\/wp-json\/wp\/v2\/users\/1"}],"replies":[{"embeddable":true,"href":"https:\/\/parafianiwa.pl\/index.php\/wp-json\/wp\/v2\/comments?post=638"}],"version-history":[{"count":12,"href":"https:\/\/parafianiwa.pl\/index.php\/wp-json\/wp\/v2\/pages\/638\/revisions"}],"predecessor-version":[{"id":1883,"href":"https:\/\/parafianiwa.pl\/index.php\/wp-json\/wp\/v2\/pages\/638\/revisions\/1883"}],"wp:attachment":[{"href":"https:\/\/parafianiwa.pl\/index.php\/wp-json\/wp\/v2\/media?parent=638"}],"curies":[{"name":"wp","href":"https:\/\/api.w.org\/{rel}","templated":true}]}}