{"id":636,"date":"2020-03-18T17:03:54","date_gmt":"2020-03-18T16:03:54","guid":{"rendered":"http:\/\/parafianiwa.pl\/?page_id=636"},"modified":"2020-06-05T22:31:14","modified_gmt":"2020-06-05T20:31:14","slug":"grupa-apostolska","status":"publish","type":"page","link":"https:\/\/parafianiwa.pl\/index.php\/grupa-apostolska\/","title":{"rendered":"Grupa Apostolska"},"content":{"rendered":"\n<div id=\"wp-block-themeisle-blocks-slider-ef05ead4\" class=\"wp-block-themeisle-blocks-slider glide\" data-per-view=\"1\" data-gap=\"0\" data-peek=\"0\" data-autoplay=\"true\" data-height=\"400px\"><div class=\"glide__track\" data-glide-el=\"track\"><div class=\"glide__slides\"><div class=\"wp-block-themeisle-blocks-slider-item-wrapper glide__slide\" tabindex=\"0\"><figure><img decoding=\"async\" class=\"wp-block-themeisle-blocks-slider-item\" src=\"http:\/\/parafianiwa.pl\/wp-content\/uploads\/2020\/03\/71089844_126656768728863_3773384169766256640_o.jpg\" alt=\"\" title=\"\" data-id=\"711\"\/><\/figure><\/div><div class=\"wp-block-themeisle-blocks-slider-item-wrapper glide__slide\" tabindex=\"0\"><figure><img decoding=\"async\" class=\"wp-block-themeisle-blocks-slider-item\" src=\"http:\/\/parafianiwa.pl\/wp-content\/uploads\/2020\/03\/71785644_132522218142318_6795645410628075520_o.jpg\" alt=\"\" title=\"\" data-id=\"712\"\/><\/figure><\/div><\/div><div class=\"glide__bullets\" data-glide-el=\"controls[nav]\"><button class=\"glide__bullet\" data-glide-dir=\"=0\"><\/button><button class=\"glide__bullet\" data-glide-dir=\"=1\"><\/button><\/div><\/div><\/div>\n\n\n\n<hr class=\"wp-block-separator\"\/>\n\n\n\n<p class=\"has-text-align-center\">Grupa Apostolska w parafii dzia\u0142a od 2019 roku. Do wsp\u00f3lnoty nale\u017cy m\u0142odzie\u017c od si\u00f3dmej klasy Szko\u0142y Podstawowej. Spotkania odbywaj\u0105 si\u0119 zawsze w pi\u0105tek po Mszy \u015bw. wieczornej w salce na plebani. Wsp\u00f3lne spotkania polegaj\u0105 na zabawie, rozmowach, u\u015bmiechu, rado\u015bci ale przede wszystkim poznawaniu Boga, pog\u0142\u0119bianiu wiary. M\u0142odzie\u017c ch\u0119tnie przychodzi na te spotkania dlatego, \u017ce mog\u0105 si\u0119 razem spotka\u0107 i porozmawia\u0107. Nawzajem tak\u017ce mog\u0105 si\u0119 ubogaca\u0107 swoj\u0105 wiar\u0105. <\/p>\n\n\n\n<p class=\"has-text-align-center\">M\u0142odzie\u017c\nzainicjowa\u0142a w parafii tzw. Adoracje pierwszopi\u0105tkowe, kt\u00f3re sama prowadzi.\nOdbywaj\u0105 si\u0119 zawsze po wieczornej Eucharystii. Ubogacaj\u0105 j\u0105 pi\u0119knym \u015bpiewem\noraz rozwa\u017caniami. Na Adoracje przychodzi wiele ludzi, dla kt\u00f3rych m\u0142odzie\u017c\nnaszej parafii jest \u015bwiadectwem.<\/p>\n\n\n\n<p class=\"has-text-align-center\">Sama Grupa\nApostolska to Ruch Apostolstwa M\u0142odzie\u017cy, kt\u00f3ry dzia\u0142a w Archidiecezji\nKrakowskiej. Zosta\u0142 za\u0142o\u017cony przez Jana Paw\u0142a II i odpowiedzialnym za nie by\u0142\nks. Antoni So\u0142tysik. Obecnie m\u0142odzie\u017c je\u017adzi wsp\u00f3lnie na r\u00f3\u017cne rekolekcje w\nczasie wakacji czy ferii a tak\u017ce na dni skupienia, kt\u00f3re odbywaj\u0105 si\u0119 w ci\u0105gu\nroku. Jest to \u015bwietny czas, aby pozna\u0107 innych ludzi w podobnym wieku, kt\u00f3rzy\ntak\u017ce pragn\u0105 pozna\u0107 Boga i ubogaci\u0107 swoj\u0105 wiar\u0119 poprzez \u015bwiadectwo swoich\nr\u00f3wie\u015bnik\u00f3w.<\/p>\n\n\n\n<hr class=\"wp-block-separator\"\/>\n\n\n<ul class=\"wp-block-latest-posts__list has-dates wp-block-latest-posts\"><li><a class=\"wp-block-latest-posts__post-title\" href=\"https:\/\/parafianiwa.pl\/index.php\/2020\/06\/05\/adoracja-pierwszopiatkowa\/\">Adoracja Pierwszopi\u0105tkowa<\/a><time datetime=\"2020-06-05T22:44:12+02:00\" class=\"wp-block-latest-posts__post-date\">5 czerwca 2020<\/time><div class=\"wp-block-latest-posts__post-full-content\"><!-- wp:image {\"id\":1546,\"sizeSlug\":\"large\"} -->\n<figure class=\"wp-block-image size-large\"><img fetchpriority=\"high\" decoding=\"async\" width=\"1024\" height=\"683\" src=\"https:\/\/parafianiwa.pl\/wp-content\/uploads\/2020\/06\/MG_6016-1024x683.jpg\" alt=\"\" class=\"wp-image-1546\" srcset=\"https:\/\/parafianiwa.pl\/wp-content\/uploads\/2020\/06\/MG_6016-1024x683.jpg 1024w, https:\/\/parafianiwa.pl\/wp-content\/uploads\/2020\/06\/MG_6016-300x200.jpg 300w, https:\/\/parafianiwa.pl\/wp-content\/uploads\/2020\/06\/MG_6016-768x512.jpg 768w, https:\/\/parafianiwa.pl\/wp-content\/uploads\/2020\/06\/MG_6016-1536x1024.jpg 1536w, https:\/\/parafianiwa.pl\/wp-content\/uploads\/2020\/06\/MG_6016-2048x1365.jpg 2048w, https:\/\/parafianiwa.pl\/wp-content\/uploads\/2020\/06\/MG_6016-830x553.jpg 830w, https:\/\/parafianiwa.pl\/wp-content\/uploads\/2020\/06\/MG_6016-230x153.jpg 230w, https:\/\/parafianiwa.pl\/wp-content\/uploads\/2020\/06\/MG_6016-350x233.jpg 350w, https:\/\/parafianiwa.pl\/wp-content\/uploads\/2020\/06\/MG_6016-480x320.jpg 480w\" sizes=\"(max-width: 1024px) 100vw, 1024px\" \/><\/figure>\n<!-- \/wp:image -->\n\n<!-- wp:separator -->\n<hr class=\"wp-block-separator\" \/>\n<!-- \/wp:separator -->\n\n<!-- wp:paragraph -->\n<p>W pierwszy pi\u0105tek miesi\u0105ca czerwca, m\u0142odzie\u017c naszej parafii prowadzi\u0142a Adoracj\u0119 Naj\u015bwi\u0119tszego Sakramentu. Ostatnie takie Uwielbienie w naszej parafii by\u0142o w marcu. M\u0142odzie\u017c jak zawsze da\u0142a z siebie wiele si\u0142y i pokaza\u0142a \u015bwiadectwo swojej wiary, dlatego Adoracja by\u0142a przepi\u0119kna i zapewni\u0142a nam si\u0142\u0119 do wyznawania wiary.<\/p>\n<!-- \/wp:paragraph -->\n\n<!-- wp:paragraph -->\n<p>Adoracja by\u0142a tak\u017ce czasem, kiedy m\u0142odzie\u017c maj\u0105ca w tym roku przyst\u0105pi\u0107 do sakramentu bierzmowania, mia\u0142a modli\u0107 si\u0119 o b\u0142ogos\u0142awione owoce dzia\u0142ania Ducha \u015awi\u0119tego w sobie.<\/p>\n<!-- \/wp:paragraph -->\n\n<!-- wp:paragraph -->\n<p>Dzi\u0119kujemy tym, kt\u00f3rzy pozostali w ko\u015bciele i modlili si\u0119 z nami daj\u0105c \u015bwiadectwo wiary i swojej relacji z Jezusem.<\/p>\n<!-- \/wp:paragraph -->\n\n<!-- wp:buttons {\"align\":\"center\"} -->\n<div class=\"wp-block-buttons aligncenter\"><!-- wp:button {\"borderRadius\":0,\"className\":\"is-style-outline\"} -->\n<div class=\"wp-block-button is-style-outline\"><a class=\"wp-block-button__link no-border-radius\" href=\"https:\/\/www.facebook.com\/watch\/?v=259142061959803\">Obejrzyj wideo<\/a><\/div>\n<!-- \/wp:button --><\/div>\n<!-- \/wp:buttons -->\n\n<!-- wp:separator -->\n<hr class=\"wp-block-separator\" \/>\n<!-- \/wp:separator -->\n\n<!-- wp:gallery {\"ids\":[1545,1547,1548,1549,1550,1551],\"columns\":3,\"linkTo\":\"media\",\"sizeSlug\":\"medium\"} -->\n<figure class=\"wp-block-gallery columns-3 is-cropped\"><ul class=\"blocks-gallery-grid\"><li class=\"blocks-gallery-item\"><figure><a href=\"https:\/\/parafianiwa.pl\/wp-content\/uploads\/2020\/06\/MG_5997-scaled.jpg\"><img decoding=\"async\" width=\"300\" height=\"200\" src=\"https:\/\/parafianiwa.pl\/wp-content\/uploads\/2020\/06\/MG_5997-300x200.jpg\" alt=\"\" data-id=\"1545\" data-full-url=\"https:\/\/parafianiwa.pl\/wp-content\/uploads\/2020\/06\/MG_5997-scaled.jpg\" data-link=\"https:\/\/parafianiwa.pl\/?attachment_id=1545\" class=\"wp-image-1545\" srcset=\"https:\/\/parafianiwa.pl\/wp-content\/uploads\/2020\/06\/MG_5997-300x200.jpg 300w, https:\/\/parafianiwa.pl\/wp-content\/uploads\/2020\/06\/MG_5997-1024x683.jpg 1024w, https:\/\/parafianiwa.pl\/wp-content\/uploads\/2020\/06\/MG_5997-768x512.jpg 768w, https:\/\/parafianiwa.pl\/wp-content\/uploads\/2020\/06\/MG_5997-1536x1024.jpg 1536w, https:\/\/parafianiwa.pl\/wp-content\/uploads\/2020\/06\/MG_5997-2048x1365.jpg 2048w, https:\/\/parafianiwa.pl\/wp-content\/uploads\/2020\/06\/MG_5997-830x553.jpg 830w, https:\/\/parafianiwa.pl\/wp-content\/uploads\/2020\/06\/MG_5997-230x153.jpg 230w, https:\/\/parafianiwa.pl\/wp-content\/uploads\/2020\/06\/MG_5997-350x233.jpg 350w, https:\/\/parafianiwa.pl\/wp-content\/uploads\/2020\/06\/MG_5997-480x320.jpg 480w\" sizes=\"(max-width: 300px) 100vw, 300px\" \/><\/a><\/figure><\/li><li class=\"blocks-gallery-item\"><figure><a href=\"https:\/\/parafianiwa.pl\/wp-content\/uploads\/2020\/06\/MG_5999-scaled.jpg\"><img decoding=\"async\" width=\"300\" height=\"200\" src=\"https:\/\/parafianiwa.pl\/wp-content\/uploads\/2020\/06\/MG_5999-300x200.jpg\" alt=\"\" data-id=\"1547\" data-full-url=\"https:\/\/parafianiwa.pl\/wp-content\/uploads\/2020\/06\/MG_5999-scaled.jpg\" data-link=\"https:\/\/parafianiwa.pl\/?attachment_id=1547\" class=\"wp-image-1547\" srcset=\"https:\/\/parafianiwa.pl\/wp-content\/uploads\/2020\/06\/MG_5999-300x200.jpg 300w, https:\/\/parafianiwa.pl\/wp-content\/uploads\/2020\/06\/MG_5999-1024x683.jpg 1024w, https:\/\/parafianiwa.pl\/wp-content\/uploads\/2020\/06\/MG_5999-768x512.jpg 768w, https:\/\/parafianiwa.pl\/wp-content\/uploads\/2020\/06\/MG_5999-1536x1024.jpg 1536w, https:\/\/parafianiwa.pl\/wp-content\/uploads\/2020\/06\/MG_5999-2048x1365.jpg 2048w, https:\/\/parafianiwa.pl\/wp-content\/uploads\/2020\/06\/MG_5999-830x553.jpg 830w, https:\/\/parafianiwa.pl\/wp-content\/uploads\/2020\/06\/MG_5999-230x153.jpg 230w, https:\/\/parafianiwa.pl\/wp-content\/uploads\/2020\/06\/MG_5999-350x233.jpg 350w, https:\/\/parafianiwa.pl\/wp-content\/uploads\/2020\/06\/MG_5999-480x320.jpg 480w\" sizes=\"(max-width: 300px) 100vw, 300px\" \/><\/a><\/figure><\/li><li class=\"blocks-gallery-item\"><figure><a href=\"https:\/\/parafianiwa.pl\/wp-content\/uploads\/2020\/06\/MG_6002-scaled.jpg\"><img loading=\"lazy\" decoding=\"async\" width=\"300\" height=\"200\" src=\"https:\/\/parafianiwa.pl\/wp-content\/uploads\/2020\/06\/MG_6002-300x200.jpg\" alt=\"\" data-id=\"1548\" data-full-url=\"https:\/\/parafianiwa.pl\/wp-content\/uploads\/2020\/06\/MG_6002-scaled.jpg\" data-link=\"https:\/\/parafianiwa.pl\/?attachment_id=1548\" class=\"wp-image-1548\" srcset=\"https:\/\/parafianiwa.pl\/wp-content\/uploads\/2020\/06\/MG_6002-300x200.jpg 300w, https:\/\/parafianiwa.pl\/wp-content\/uploads\/2020\/06\/MG_6002-1024x683.jpg 1024w, https:\/\/parafianiwa.pl\/wp-content\/uploads\/2020\/06\/MG_6002-768x512.jpg 768w, https:\/\/parafianiwa.pl\/wp-content\/uploads\/2020\/06\/MG_6002-1536x1024.jpg 1536w, https:\/\/parafianiwa.pl\/wp-content\/uploads\/2020\/06\/MG_6002-2048x1365.jpg 2048w, https:\/\/parafianiwa.pl\/wp-content\/uploads\/2020\/06\/MG_6002-830x553.jpg 830w, https:\/\/parafianiwa.pl\/wp-content\/uploads\/2020\/06\/MG_6002-230x153.jpg 230w, https:\/\/parafianiwa.pl\/wp-content\/uploads\/2020\/06\/MG_6002-350x233.jpg 350w, https:\/\/parafianiwa.pl\/wp-content\/uploads\/2020\/06\/MG_6002-480x320.jpg 480w\" sizes=\"(max-width: 300px) 100vw, 300px\" \/><\/a><\/figure><\/li><li class=\"blocks-gallery-item\"><figure><a href=\"https:\/\/parafianiwa.pl\/wp-content\/uploads\/2020\/06\/MG_6007-scaled.jpg\"><img loading=\"lazy\" decoding=\"async\" width=\"300\" height=\"200\" src=\"https:\/\/parafianiwa.pl\/wp-content\/uploads\/2020\/06\/MG_6007-300x200.jpg\" alt=\"\" data-id=\"1549\" data-full-url=\"https:\/\/parafianiwa.pl\/wp-content\/uploads\/2020\/06\/MG_6007-scaled.jpg\" data-link=\"https:\/\/parafianiwa.pl\/?attachment_id=1549\" class=\"wp-image-1549\" srcset=\"https:\/\/parafianiwa.pl\/wp-content\/uploads\/2020\/06\/MG_6007-300x200.jpg 300w, https:\/\/parafianiwa.pl\/wp-content\/uploads\/2020\/06\/MG_6007-1024x683.jpg 1024w, https:\/\/parafianiwa.pl\/wp-content\/uploads\/2020\/06\/MG_6007-768x512.jpg 768w, https:\/\/parafianiwa.pl\/wp-content\/uploads\/2020\/06\/MG_6007-1536x1024.jpg 1536w, https:\/\/parafianiwa.pl\/wp-content\/uploads\/2020\/06\/MG_6007-2048x1365.jpg 2048w, https:\/\/parafianiwa.pl\/wp-content\/uploads\/2020\/06\/MG_6007-830x553.jpg 830w, https:\/\/parafianiwa.pl\/wp-content\/uploads\/2020\/06\/MG_6007-230x153.jpg 230w, https:\/\/parafianiwa.pl\/wp-content\/uploads\/2020\/06\/MG_6007-350x233.jpg 350w, https:\/\/parafianiwa.pl\/wp-content\/uploads\/2020\/06\/MG_6007-480x320.jpg 480w\" sizes=\"(max-width: 300px) 100vw, 300px\" \/><\/a><\/figure><\/li><li class=\"blocks-gallery-item\"><figure><a href=\"https:\/\/parafianiwa.pl\/wp-content\/uploads\/2020\/06\/MG_6011-scaled.jpg\"><img loading=\"lazy\" decoding=\"async\" width=\"300\" height=\"200\" src=\"https:\/\/parafianiwa.pl\/wp-content\/uploads\/2020\/06\/MG_6011-300x200.jpg\" alt=\"\" data-id=\"1550\" data-full-url=\"https:\/\/parafianiwa.pl\/wp-content\/uploads\/2020\/06\/MG_6011-scaled.jpg\" data-link=\"https:\/\/parafianiwa.pl\/?attachment_id=1550\" class=\"wp-image-1550\" srcset=\"https:\/\/parafianiwa.pl\/wp-content\/uploads\/2020\/06\/MG_6011-300x200.jpg 300w, https:\/\/parafianiwa.pl\/wp-content\/uploads\/2020\/06\/MG_6011-1024x683.jpg 1024w, https:\/\/parafianiwa.pl\/wp-content\/uploads\/2020\/06\/MG_6011-768x512.jpg 768w, https:\/\/parafianiwa.pl\/wp-content\/uploads\/2020\/06\/MG_6011-1536x1024.jpg 1536w, https:\/\/parafianiwa.pl\/wp-content\/uploads\/2020\/06\/MG_6011-2048x1365.jpg 2048w, https:\/\/parafianiwa.pl\/wp-content\/uploads\/2020\/06\/MG_6011-830x553.jpg 830w, https:\/\/parafianiwa.pl\/wp-content\/uploads\/2020\/06\/MG_6011-230x153.jpg 230w, https:\/\/parafianiwa.pl\/wp-content\/uploads\/2020\/06\/MG_6011-350x233.jpg 350w, https:\/\/parafianiwa.pl\/wp-content\/uploads\/2020\/06\/MG_6011-480x320.jpg 480w\" sizes=\"(max-width: 300px) 100vw, 300px\" \/><\/a><\/figure><\/li><li class=\"blocks-gallery-item\"><figure><a href=\"https:\/\/parafianiwa.pl\/wp-content\/uploads\/2020\/06\/MG_6016-1-scaled.jpg\"><img loading=\"lazy\" decoding=\"async\" width=\"300\" height=\"200\" src=\"https:\/\/parafianiwa.pl\/wp-content\/uploads\/2020\/06\/MG_6016-1-300x200.jpg\" alt=\"\" data-id=\"1551\" data-full-url=\"https:\/\/parafianiwa.pl\/wp-content\/uploads\/2020\/06\/MG_6016-1-scaled.jpg\" data-link=\"https:\/\/parafianiwa.pl\/?attachment_id=1551\" class=\"wp-image-1551\" srcset=\"https:\/\/parafianiwa.pl\/wp-content\/uploads\/2020\/06\/MG_6016-1-300x200.jpg 300w, https:\/\/parafianiwa.pl\/wp-content\/uploads\/2020\/06\/MG_6016-1-1024x683.jpg 1024w, https:\/\/parafianiwa.pl\/wp-content\/uploads\/2020\/06\/MG_6016-1-768x512.jpg 768w, https:\/\/parafianiwa.pl\/wp-content\/uploads\/2020\/06\/MG_6016-1-1536x1024.jpg 1536w, https:\/\/parafianiwa.pl\/wp-content\/uploads\/2020\/06\/MG_6016-1-2048x1365.jpg 2048w, https:\/\/parafianiwa.pl\/wp-content\/uploads\/2020\/06\/MG_6016-1-830x553.jpg 830w, https:\/\/parafianiwa.pl\/wp-content\/uploads\/2020\/06\/MG_6016-1-230x153.jpg 230w, https:\/\/parafianiwa.pl\/wp-content\/uploads\/2020\/06\/MG_6016-1-350x233.jpg 350w, https:\/\/parafianiwa.pl\/wp-content\/uploads\/2020\/06\/MG_6016-1-480x320.jpg 480w\" sizes=\"(max-width: 300px) 100vw, 300px\" \/><\/a><\/figure><\/li><\/ul><\/figure>\n<!-- \/wp:gallery -->\n\n<!-- wp:paragraph -->\n<p><\/p>\n<!-- \/wp:paragraph --><\/div><\/li>\n<\/ul>","protected":false},"excerpt":{"rendered":"<p>Grupa Apostolska w parafii dzia\u0142a od 2019 roku. Do wsp\u00f3lnoty nale\u017cy m\u0142odzie\u017c od si\u00f3dmej klasy Szko\u0142y Podstawowej. Spotkania odbywaj\u0105 si\u0119 zawsze w [&hellip;]<\/p>\n","protected":false},"author":1,"featured_media":0,"parent":0,"menu_order":0,"comment_status":"closed","ping_status":"closed","template":"","meta":{"footnotes":""},"_links":{"self":[{"href":"https:\/\/parafianiwa.pl\/index.php\/wp-json\/wp\/v2\/pages\/636"}],"collection":[{"href":"https:\/\/parafianiwa.pl\/index.php\/wp-json\/wp\/v2\/pages"}],"about":[{"href":"https:\/\/parafianiwa.pl\/index.php\/wp-json\/wp\/v2\/types\/page"}],"author":[{"embeddable":true,"href":"https:\/\/parafianiwa.pl\/index.php\/wp-json\/wp\/v2\/users\/1"}],"replies":[{"embeddable":true,"href":"https:\/\/parafianiwa.pl\/index.php\/wp-json\/wp\/v2\/comments?post=636"}],"version-history":[{"count":6,"href":"https:\/\/parafianiwa.pl\/index.php\/wp-json\/wp\/v2\/pages\/636\/revisions"}],"predecessor-version":[{"id":1543,"href":"https:\/\/parafianiwa.pl\/index.php\/wp-json\/wp\/v2\/pages\/636\/revisions\/1543"}],"wp:attachment":[{"href":"https:\/\/parafianiwa.pl\/index.php\/wp-json\/wp\/v2\/media?parent=636"}],"curies":[{"name":"wp","href":"https:\/\/api.w.org\/{rel}","templated":true}]}}