{"id":634,"date":"2020-03-18T17:03:33","date_gmt":"2020-03-18T16:03:33","guid":{"rendered":"http:\/\/parafianiwa.pl\/?page_id=634"},"modified":"2020-03-25T14:50:53","modified_gmt":"2020-03-25T13:50:53","slug":"maly-apostolek","status":"publish","type":"page","link":"https:\/\/parafianiwa.pl\/index.php\/maly-apostolek\/","title":{"rendered":"Ma\u0142y Aposto\u0142"},"content":{"rendered":"\n<div id=\"wp-block-themeisle-blocks-slider-43d8f2db\" class=\"wp-block-themeisle-blocks-slider glide\" data-per-view=\"1\" data-gap=\"0\" data-peek=\"0\" data-autoplay=\"3000\" data-height=\"400px\"><div class=\"glide__track\" data-glide-el=\"track\"><div class=\"glide__slides\"><div class=\"wp-block-themeisle-blocks-slider-item-wrapper glide__slide\" tabindex=\"0\"><figure><img decoding=\"async\" class=\"wp-block-themeisle-blocks-slider-item\" src=\"http:\/\/parafianiwa.pl\/wp-content\/uploads\/2020\/03\/90576237_2855150191477956_4899006338253717504_n-1-scaled.jpg\" alt=\"\" title=\"\" data-id=\"853\"\/><\/figure><\/div><div class=\"wp-block-themeisle-blocks-slider-item-wrapper glide__slide\" tabindex=\"0\"><figure><img decoding=\"async\" class=\"wp-block-themeisle-blocks-slider-item\" src=\"http:\/\/parafianiwa.pl\/wp-content\/uploads\/2020\/03\/90675947_494164054796119_5363307447006003200_n-scaled.jpg\" alt=\"\" title=\"\" data-id=\"855\"\/><\/figure><\/div><\/div><div class=\"glide__bullets\" data-glide-el=\"controls[nav]\"><button class=\"glide__bullet\" data-glide-dir=\"=0\"><\/button><button class=\"glide__bullet\" data-glide-dir=\"=1\"><\/button><\/div><\/div><\/div>\n\n\n\n<hr class=\"wp-block-separator\"\/>\n\n\n\n<p class=\"has-text-align-center\">Ma\u0142y Aposto\u0142 to wsp\u00f3lnota, kt\u00f3ra dzia\u0142a w naszej parafii od 2019 roku. Spotkania odbywaj\u0105 si\u0119 zawsze w sobot\u0119 w salce na plebani. Na wsp\u00f3lnot\u0119 ucz\u0119szczaj\u0105 dzieci od pierwszej do sz\u00f3stej klasy Szko\u0142y Podstawowej. Dzieci sp\u0119dzaj\u0105 czas razem na wsp\u00f3lnej zabawie, rado\u015bci. Cz\u0119sto ogl\u0105daj\u0105 bajki, kt\u00f3re przekazuj\u0105 im wa\u017cne prawdy. To czas, kiedy tak\u017ce mog\u0105 si\u0119 po\u015bmia\u0107 oraz przede wszystkim oderwa\u0107 od ca\u0142ego tygodnia. Dzieci tak\u017ce czasami wyje\u017cd\u017caj\u0105 na wsp\u00f3lne wycieczki, zwiedzaj\u0105 ciekawe miejsca. Zapraszamy wszystkich, kt\u00f3rzy chcieli by do\u015bwiadczy\u0107 takiej wsp\u00f3lnoty.<\/p>\n","protected":false},"excerpt":{"rendered":"<p>Ma\u0142y Aposto\u0142 to wsp\u00f3lnota, kt\u00f3ra dzia\u0142a w naszej parafii od 2019 roku. Spotkania odbywaj\u0105 si\u0119 zawsze w sobot\u0119 w salce na plebani. [&hellip;]<\/p>\n","protected":false},"author":1,"featured_media":0,"parent":0,"menu_order":0,"comment_status":"closed","ping_status":"closed","template":"","meta":{"footnotes":""},"_links":{"self":[{"href":"https:\/\/parafianiwa.pl\/index.php\/wp-json\/wp\/v2\/pages\/634"}],"collection":[{"href":"https:\/\/parafianiwa.pl\/index.php\/wp-json\/wp\/v2\/pages"}],"about":[{"href":"https:\/\/parafianiwa.pl\/index.php\/wp-json\/wp\/v2\/types\/page"}],"author":[{"embeddable":true,"href":"https:\/\/parafianiwa.pl\/index.php\/wp-json\/wp\/v2\/users\/1"}],"replies":[{"embeddable":true,"href":"https:\/\/parafianiwa.pl\/index.php\/wp-json\/wp\/v2\/comments?post=634"}],"version-history":[{"count":7,"href":"https:\/\/parafianiwa.pl\/index.php\/wp-json\/wp\/v2\/pages\/634\/revisions"}],"predecessor-version":[{"id":869,"href":"https:\/\/parafianiwa.pl\/index.php\/wp-json\/wp\/v2\/pages\/634\/revisions\/869"}],"wp:attachment":[{"href":"https:\/\/parafianiwa.pl\/index.php\/wp-json\/wp\/v2\/media?parent=634"}],"curies":[{"name":"wp","href":"https:\/\/api.w.org\/{rel}","templated":true}]}}