{"id":632,"date":"2020-03-18T17:03:16","date_gmt":"2020-03-18T16:03:16","guid":{"rendered":"http:\/\/parafianiwa.pl\/?page_id=632"},"modified":"2020-03-25T14:31:43","modified_gmt":"2020-03-25T13:31:43","slug":"grupy-parafialne","status":"publish","type":"page","link":"https:\/\/parafianiwa.pl\/index.php\/grupy-parafialne\/","title":{"rendered":"Grupy parafialne"},"content":{"rendered":"\t\t<div data-elementor-type=\"wp-page\" data-elementor-id=\"632\" class=\"elementor elementor-632\">\n\t\t\t\t\t\t<section class=\"elementor-section elementor-top-section elementor-element elementor-element-376bf396 elementor-section-boxed elementor-section-height-default elementor-section-height-default\" data-id=\"376bf396\" data-element_type=\"section\">\n\t\t\t\t\t\t<div class=\"elementor-container elementor-column-gap-default\">\n\t\t\t\t\t<div class=\"elementor-column elementor-col-100 elementor-top-column elementor-element elementor-element-763ff9ac\" data-id=\"763ff9ac\" data-element_type=\"column\">\n\t\t\t<div class=\"elementor-widget-wrap elementor-element-populated\">\n\t\t\t\t\t\t<div class=\"elementor-element elementor-element-32c9371 elementor-invisible elementor-widget elementor-widget-image\" data-id=\"32c9371\" data-element_type=\"widget\" data-settings=\"{&quot;_animation&quot;:&quot;fadeIn&quot;}\" data-widget_type=\"image.default\">\n\t\t\t\t<div class=\"elementor-widget-container\">\n\t\t\t\t\t\t\t\t\t\t\t\t\t\t\t<img fetchpriority=\"high\" decoding=\"async\" width=\"768\" height=\"320\" src=\"https:\/\/parafianiwa.pl\/wp-content\/uploads\/2020\/03\/grupy-parafialne-768x320.jpg\" class=\"attachment-medium_large size-medium_large wp-image-847\" alt=\"Grupy parafialne\" srcset=\"https:\/\/parafianiwa.pl\/wp-content\/uploads\/2020\/03\/grupy-parafialne-768x320.jpg 768w, https:\/\/parafianiwa.pl\/wp-content\/uploads\/2020\/03\/grupy-parafialne-300x125.jpg 300w, https:\/\/parafianiwa.pl\/wp-content\/uploads\/2020\/03\/grupy-parafialne-1024x427.jpg 1024w, https:\/\/parafianiwa.pl\/wp-content\/uploads\/2020\/03\/grupy-parafialne-1536x640.jpg 1536w, https:\/\/parafianiwa.pl\/wp-content\/uploads\/2020\/03\/grupy-parafialne-830x346.jpg 830w, https:\/\/parafianiwa.pl\/wp-content\/uploads\/2020\/03\/grupy-parafialne-230x96.jpg 230w, https:\/\/parafianiwa.pl\/wp-content\/uploads\/2020\/03\/grupy-parafialne-350x146.jpg 350w, https:\/\/parafianiwa.pl\/wp-content\/uploads\/2020\/03\/grupy-parafialne-480x200.jpg 480w, https:\/\/parafianiwa.pl\/wp-content\/uploads\/2020\/03\/grupy-parafialne.jpg 1920w\" sizes=\"(max-width: 768px) 100vw, 768px\" \/>\t\t\t\t\t\t\t\t\t\t\t\t\t\t\t<\/div>\n\t\t\t\t<\/div>\n\t\t\t\t<div class=\"elementor-element elementor-element-67eb5fb4 elementor-invisible elementor-widget elementor-widget-text-editor\" data-id=\"67eb5fb4\" data-element_type=\"widget\" data-settings=\"{&quot;_animation&quot;:&quot;fadeIn&quot;}\" data-widget_type=\"text-editor.default\">\n\t\t\t\t<div class=\"elementor-widget-container\">\n\t\t\t\t\t\t\t\t\t\n<p>Przy naszej parafii dzia\u0142a kilka grup, zrzeszaj\u0105c w swoich szeregach ludzi o r\u00f3\u017cnym wieku. Zaczynaj\u0105c od najm\u0142odszych dzieci ze szko\u0142y podstawowej, kt\u00f3re uczestnicz\u0105 w spotkaniach Ma\u0142ego Aposto\u0142a, przez m\u0142odzie\u017c z Grupy Apostolskiej oraz Liturgicznej S\u0142u\u017cby O\u0142tarza, a\u017c po ludzi doros\u0142ych i senior\u00f3w, kt\u00f3rych zach\u0119camy do uczestnictwa w spotkaniach wsp\u00f3lnoty czytania Pisma \u015awi\u0119tego oraz spotkaniach Rycerstwa Niepokalanej.<\/p>\n\t\t\t\t\t\t\t\t<\/div>\n\t\t\t\t<\/div>\n\t\t\t\t<div class=\"elementor-element elementor-element-53f3a66 elementor-button-warning elementor-align-center elementor-invisible elementor-widget elementor-widget-button\" data-id=\"53f3a66\" data-element_type=\"widget\" data-settings=\"{&quot;_animation&quot;:&quot;fadeIn&quot;}\" data-widget_type=\"button.default\">\n\t\t\t\t<div class=\"elementor-widget-container\">\n\t\t\t\t\t\t\t\t\t<div class=\"elementor-button-wrapper\">\n\t\t\t\t\t<a class=\"elementor-button elementor-button-link elementor-size-md elementor-animation-grow\" href=\"http:\/\/parafianiwa.pl\/index.php\/maly-apostolek\/\">\n\t\t\t\t\t\t<span class=\"elementor-button-content-wrapper\">\n\t\t\t\t\t\t\t\t\t<span class=\"elementor-button-text\">Ma\u0142y Aposto\u0142<\/span>\n\t\t\t\t\t<\/span>\n\t\t\t\t\t<\/a>\n\t\t\t\t<\/div>\n\t\t\t\t\t\t\t\t<\/div>\n\t\t\t\t<\/div>\n\t\t\t\t<div class=\"elementor-element elementor-element-e696935 elementor-button-warning elementor-align-center elementor-invisible elementor-widget elementor-widget-button\" data-id=\"e696935\" data-element_type=\"widget\" data-settings=\"{&quot;_animation&quot;:&quot;fadeIn&quot;}\" data-widget_type=\"button.default\">\n\t\t\t\t<div class=\"elementor-widget-container\">\n\t\t\t\t\t\t\t\t\t<div class=\"elementor-button-wrapper\">\n\t\t\t\t\t<a class=\"elementor-button elementor-button-link elementor-size-md elementor-animation-grow\" href=\"http:\/\/parafianiwa.pl\/index.php\/schola\/\">\n\t\t\t\t\t\t<span class=\"elementor-button-content-wrapper\">\n\t\t\t\t\t\t\t\t\t<span class=\"elementor-button-text\">Schola parafialna<\/span>\n\t\t\t\t\t<\/span>\n\t\t\t\t\t<\/a>\n\t\t\t\t<\/div>\n\t\t\t\t\t\t\t\t<\/div>\n\t\t\t\t<\/div>\n\t\t\t\t<div class=\"elementor-element elementor-element-af3ac73 elementor-button-warning elementor-align-center elementor-invisible elementor-widget elementor-widget-button\" data-id=\"af3ac73\" data-element_type=\"widget\" data-settings=\"{&quot;_animation&quot;:&quot;fadeIn&quot;}\" data-widget_type=\"button.default\">\n\t\t\t\t<div class=\"elementor-widget-container\">\n\t\t\t\t\t\t\t\t\t<div class=\"elementor-button-wrapper\">\n\t\t\t\t\t<a class=\"elementor-button elementor-button-link elementor-size-md elementor-animation-grow\" href=\"http:\/\/parafianiwa.pl\/index.php\/grupa-apostolska\/\">\n\t\t\t\t\t\t<span class=\"elementor-button-content-wrapper\">\n\t\t\t\t\t\t\t\t\t<span class=\"elementor-button-text\">Grupa apostolska<\/span>\n\t\t\t\t\t<\/span>\n\t\t\t\t\t<\/a>\n\t\t\t\t<\/div>\n\t\t\t\t\t\t\t\t<\/div>\n\t\t\t\t<\/div>\n\t\t\t\t<div class=\"elementor-element elementor-element-8c81ec0 elementor-button-warning elementor-align-center elementor-invisible elementor-widget elementor-widget-button\" data-id=\"8c81ec0\" data-element_type=\"widget\" data-settings=\"{&quot;_animation&quot;:&quot;fadeIn&quot;}\" data-widget_type=\"button.default\">\n\t\t\t\t<div class=\"elementor-widget-container\">\n\t\t\t\t\t\t\t\t\t<div class=\"elementor-button-wrapper\">\n\t\t\t\t\t<a class=\"elementor-button elementor-button-link elementor-size-md elementor-animation-grow\" href=\"http:\/\/parafianiwa.pl\/index.php\/liturgiczna-sluzba-oltarza\/\">\n\t\t\t\t\t\t<span class=\"elementor-button-content-wrapper\">\n\t\t\t\t\t\t\t\t\t<span class=\"elementor-button-text\">Liturgiczna S\u0142u\u017cba O\u0142tarza<\/span>\n\t\t\t\t\t<\/span>\n\t\t\t\t\t<\/a>\n\t\t\t\t<\/div>\n\t\t\t\t\t\t\t\t<\/div>\n\t\t\t\t<\/div>\n\t\t\t\t<div class=\"elementor-element elementor-element-832c35e elementor-button-warning elementor-align-center elementor-invisible elementor-widget elementor-widget-button\" data-id=\"832c35e\" data-element_type=\"widget\" data-settings=\"{&quot;_animation&quot;:&quot;fadeIn&quot;}\" data-widget_type=\"button.default\">\n\t\t\t\t<div class=\"elementor-widget-container\">\n\t\t\t\t\t\t\t\t\t<div class=\"elementor-button-wrapper\">\n\t\t\t\t\t<a class=\"elementor-button elementor-button-link elementor-size-md elementor-animation-grow\" href=\"#\">\n\t\t\t\t\t\t<span class=\"elementor-button-content-wrapper\">\n\t\t\t\t\t\t\t\t\t<span class=\"elementor-button-text\">Wsp\u00f3lnota czytania Pisma \u015awi\u0119tego<\/span>\n\t\t\t\t\t<\/span>\n\t\t\t\t\t<\/a>\n\t\t\t\t<\/div>\n\t\t\t\t\t\t\t\t<\/div>\n\t\t\t\t<\/div>\n\t\t\t\t<div class=\"elementor-element elementor-element-eec5b3c elementor-button-warning elementor-align-center elementor-invisible elementor-widget elementor-widget-button\" data-id=\"eec5b3c\" data-element_type=\"widget\" data-settings=\"{&quot;_animation&quot;:&quot;fadeIn&quot;}\" data-widget_type=\"button.default\">\n\t\t\t\t<div class=\"elementor-widget-container\">\n\t\t\t\t\t\t\t\t\t<div class=\"elementor-button-wrapper\">\n\t\t\t\t\t<a class=\"elementor-button elementor-button-link elementor-size-md elementor-animation-grow\" href=\"http:\/\/parafianiwa.pl\/index.php\/rycerstwo-niepokalanej\/\">\n\t\t\t\t\t\t<span class=\"elementor-button-content-wrapper\">\n\t\t\t\t\t\t\t\t\t<span class=\"elementor-button-text\">Rycerstwo Niepokalanej<\/span>\n\t\t\t\t\t<\/span>\n\t\t\t\t\t<\/a>\n\t\t\t\t<\/div>\n\t\t\t\t\t\t\t\t<\/div>\n\t\t\t\t<\/div>\n\t\t\t\t\t<\/div>\n\t\t<\/div>\n\t\t\t\t\t<\/div>\n\t\t<\/section>\n\t\t\t\t<\/div>\n\t\t","protected":false},"excerpt":{"rendered":"<p>Przy naszej parafii dzia\u0142a kilka grup, zrzeszaj\u0105c w swoich szeregach ludzi o r\u00f3\u017cnym wieku. Zaczynaj\u0105c od najm\u0142odszych dzieci ze szko\u0142y podstawowej, kt\u00f3re [&hellip;]<\/p>\n","protected":false},"author":1,"featured_media":0,"parent":0,"menu_order":0,"comment_status":"closed","ping_status":"closed","template":"","meta":{"footnotes":""},"_links":{"self":[{"href":"https:\/\/parafianiwa.pl\/index.php\/wp-json\/wp\/v2\/pages\/632"}],"collection":[{"href":"https:\/\/parafianiwa.pl\/index.php\/wp-json\/wp\/v2\/pages"}],"about":[{"href":"https:\/\/parafianiwa.pl\/index.php\/wp-json\/wp\/v2\/types\/page"}],"author":[{"embeddable":true,"href":"https:\/\/parafianiwa.pl\/index.php\/wp-json\/wp\/v2\/users\/1"}],"replies":[{"embeddable":true,"href":"https:\/\/parafianiwa.pl\/index.php\/wp-json\/wp\/v2\/comments?post=632"}],"version-history":[{"count":5,"href":"https:\/\/parafianiwa.pl\/index.php\/wp-json\/wp\/v2\/pages\/632\/revisions"}],"predecessor-version":[{"id":850,"href":"https:\/\/parafianiwa.pl\/index.php\/wp-json\/wp\/v2\/pages\/632\/revisions\/850"}],"wp:attachment":[{"href":"https:\/\/parafianiwa.pl\/index.php\/wp-json\/wp\/v2\/media?parent=632"}],"curies":[{"name":"wp","href":"https:\/\/api.w.org\/{rel}","templated":true}]}}