{"id":570,"date":"2019-10-25T09:50:44","date_gmt":"2019-10-25T09:50:44","guid":{"rendered":"http:\/\/demo.athemes.com\/sydney-redesign\/?page_id=13"},"modified":"2024-03-13T12:29:53","modified_gmt":"2024-03-13T11:29:53","slug":"strona-glowna","status":"publish","type":"page","link":"https:\/\/parafianiwa.pl\/","title":{"rendered":"Strona G\u0142\u00f3wna"},"content":{"rendered":"\n<div style=\"height:20px\" aria-hidden=\"true\" class=\"wp-block-spacer\"><\/div>\n\n\n\n<div class=\"wp-block-columns is-layout-flex wp-container-core-columns-layout-1 wp-block-columns-is-layout-flex\">\n<div class=\"wp-block-column is-vertically-aligned-top is-layout-flow wp-block-column-is-layout-flow\">\n<h2 class=\"wp-block-heading has-text-align-center\"><\/h2>\n\n\n<ul class=\"wp-block-latest-posts__list has-dates alignfull wp-block-latest-posts has-medium-font-size\"><li><div class=\"wp-block-latest-posts__featured-image aligncenter\"><a href=\"https:\/\/parafianiwa.pl\/index.php\/2026\/04\/11\/ogloszenia-parafialne-1-niedziela-wielkiego-postu\/\" aria-label=\"Og\u0142oszenia parafialne \u2014 II Niedziela Wielkanocna &#8211; Mi\u0142osierdzia Bo\u017cego\"><img fetchpriority=\"high\" decoding=\"async\" width=\"1024\" height=\"576\" src=\"https:\/\/parafianiwa.pl\/wp-content\/uploads\/2024\/03\/OP-1024x576.jpg\" class=\"attachment-large size-large wp-post-image\" alt=\"\" style=\"\" srcset=\"https:\/\/parafianiwa.pl\/wp-content\/uploads\/2024\/03\/OP-1024x576.jpg 1024w, https:\/\/parafianiwa.pl\/wp-content\/uploads\/2024\/03\/OP-300x169.jpg 300w, https:\/\/parafianiwa.pl\/wp-content\/uploads\/2024\/03\/OP-768x432.jpg 768w, https:\/\/parafianiwa.pl\/wp-content\/uploads\/2024\/03\/OP-1536x864.jpg 1536w, https:\/\/parafianiwa.pl\/wp-content\/uploads\/2024\/03\/OP-1000x563.jpg 1000w, https:\/\/parafianiwa.pl\/wp-content\/uploads\/2024\/03\/OP-230x129.jpg 230w, https:\/\/parafianiwa.pl\/wp-content\/uploads\/2024\/03\/OP-350x197.jpg 350w, https:\/\/parafianiwa.pl\/wp-content\/uploads\/2024\/03\/OP-480x270.jpg 480w, https:\/\/parafianiwa.pl\/wp-content\/uploads\/2024\/03\/OP.jpg 1920w\" sizes=\"(max-width: 1024px) 100vw, 1024px\" \/><\/a><\/div><a class=\"wp-block-latest-posts__post-title\" href=\"https:\/\/parafianiwa.pl\/index.php\/2026\/04\/11\/ogloszenia-parafialne-1-niedziela-wielkiego-postu\/\">Og\u0142oszenia parafialne \u2014 II Niedziela Wielkanocna &#8211; Mi\u0142osierdzia Bo\u017cego<\/a><time datetime=\"2026-04-11T23:36:41+02:00\" class=\"wp-block-latest-posts__post-date\">11 kwietnia 2026<\/time><\/li>\n<\/ul><\/div>\n\n\n\n<div class=\"wp-block-column is-vertically-aligned-top is-layout-flow wp-block-column-is-layout-flow\">\n<h2 class=\"wp-block-heading has-text-align-center\"><\/h2>\n\n\n<ul class=\"wp-block-latest-posts__list has-dates alignfull wp-block-latest-posts has-medium-font-size\"><li><div class=\"wp-block-latest-posts__featured-image aligncenter\"><a href=\"https:\/\/parafianiwa.pl\/index.php\/2026\/04\/11\/msze-swiete\/\" aria-label=\"Msze \u015awi\u0119te | 13-19.04.2026\"><img decoding=\"async\" width=\"1024\" height=\"576\" src=\"https:\/\/parafianiwa.pl\/wp-content\/uploads\/2024\/03\/IM-1024x576.jpg\" class=\"attachment-large size-large wp-post-image\" alt=\"\" style=\"\" srcset=\"https:\/\/parafianiwa.pl\/wp-content\/uploads\/2024\/03\/IM-1024x576.jpg 1024w, https:\/\/parafianiwa.pl\/wp-content\/uploads\/2024\/03\/IM-300x169.jpg 300w, https:\/\/parafianiwa.pl\/wp-content\/uploads\/2024\/03\/IM-768x432.jpg 768w, https:\/\/parafianiwa.pl\/wp-content\/uploads\/2024\/03\/IM-1536x864.jpg 1536w, https:\/\/parafianiwa.pl\/wp-content\/uploads\/2024\/03\/IM-1000x563.jpg 1000w, https:\/\/parafianiwa.pl\/wp-content\/uploads\/2024\/03\/IM-230x129.jpg 230w, https:\/\/parafianiwa.pl\/wp-content\/uploads\/2024\/03\/IM-350x197.jpg 350w, https:\/\/parafianiwa.pl\/wp-content\/uploads\/2024\/03\/IM-480x270.jpg 480w, https:\/\/parafianiwa.pl\/wp-content\/uploads\/2024\/03\/IM.jpg 1920w\" sizes=\"(max-width: 1024px) 100vw, 1024px\" \/><\/a><\/div><a class=\"wp-block-latest-posts__post-title\" href=\"https:\/\/parafianiwa.pl\/index.php\/2026\/04\/11\/msze-swiete\/\">Msze \u015awi\u0119te | 13-19.04.2026<\/a><time datetime=\"2026-04-11T23:33:54+02:00\" class=\"wp-block-latest-posts__post-date\">11 kwietnia 2026<\/time><\/li>\n<\/ul>\n\n\n<p><\/p>\n<\/div>\n<\/div>\n\n\n\n<h1 class=\"wp-block-heading has-text-align-center\">Aktualno\u015bci<\/h1>\n\n\n<ul class=\"wp-block-latest-posts__list is-grid columns-3 has-dates aligncenter wp-block-latest-posts\"><li><div class=\"wp-block-latest-posts__featured-image aligncenter\"><a href=\"https:\/\/parafianiwa.pl\/index.php\/2026\/04\/01\/triduum-paschalne-2026\/\" aria-label=\"Triduum Paschalne 2026\"><img decoding=\"async\" width=\"300\" height=\"225\" src=\"https:\/\/parafianiwa.pl\/wp-content\/uploads\/2026\/04\/geralt-crosses-671379_1280-300x225.jpg\" class=\"attachment-medium size-medium wp-post-image\" alt=\"\" style=\"\" srcset=\"https:\/\/parafianiwa.pl\/wp-content\/uploads\/2026\/04\/geralt-crosses-671379_1280-300x225.jpg 300w, https:\/\/parafianiwa.pl\/wp-content\/uploads\/2026\/04\/geralt-crosses-671379_1280-1024x768.jpg 1024w, https:\/\/parafianiwa.pl\/wp-content\/uploads\/2026\/04\/geralt-crosses-671379_1280-768x576.jpg 768w, https:\/\/parafianiwa.pl\/wp-content\/uploads\/2026\/04\/geralt-crosses-671379_1280-1000x750.jpg 1000w, https:\/\/parafianiwa.pl\/wp-content\/uploads\/2026\/04\/geralt-crosses-671379_1280-230x173.jpg 230w, https:\/\/parafianiwa.pl\/wp-content\/uploads\/2026\/04\/geralt-crosses-671379_1280-350x263.jpg 350w, https:\/\/parafianiwa.pl\/wp-content\/uploads\/2026\/04\/geralt-crosses-671379_1280-480x360.jpg 480w, https:\/\/parafianiwa.pl\/wp-content\/uploads\/2026\/04\/geralt-crosses-671379_1280.jpg 1280w\" sizes=\"(max-width: 300px) 100vw, 300px\" \/><\/a><\/div><a class=\"wp-block-latest-posts__post-title\" href=\"https:\/\/parafianiwa.pl\/index.php\/2026\/04\/01\/triduum-paschalne-2026\/\">Triduum Paschalne 2026<\/a><time datetime=\"2026-04-01T23:45:46+02:00\" class=\"wp-block-latest-posts__post-date\">1 kwietnia 2026<\/time><div class=\"wp-block-latest-posts__post-excerpt\"><\/div><\/li>\n<li><div class=\"wp-block-latest-posts__featured-image aligncenter\"><a href=\"https:\/\/parafianiwa.pl\/index.php\/2026\/03\/18\/rekolekcje-wielkopostne-2026\/\" aria-label=\"Rekolekcje wielkopostne 2026\"><img loading=\"lazy\" decoding=\"async\" width=\"300\" height=\"164\" src=\"https:\/\/parafianiwa.pl\/wp-content\/uploads\/2026\/03\/unnamed-300x164.jpg\" class=\"attachment-medium size-medium wp-post-image\" alt=\"\" style=\"\" srcset=\"https:\/\/parafianiwa.pl\/wp-content\/uploads\/2026\/03\/unnamed-300x164.jpg 300w, https:\/\/parafianiwa.pl\/wp-content\/uploads\/2026\/03\/unnamed-1024x559.jpg 1024w, https:\/\/parafianiwa.pl\/wp-content\/uploads\/2026\/03\/unnamed-768x419.jpg 768w, https:\/\/parafianiwa.pl\/wp-content\/uploads\/2026\/03\/unnamed-1000x545.jpg 1000w, https:\/\/parafianiwa.pl\/wp-content\/uploads\/2026\/03\/unnamed-230x125.jpg 230w, https:\/\/parafianiwa.pl\/wp-content\/uploads\/2026\/03\/unnamed-350x191.jpg 350w, https:\/\/parafianiwa.pl\/wp-content\/uploads\/2026\/03\/unnamed-480x262.jpg 480w, https:\/\/parafianiwa.pl\/wp-content\/uploads\/2026\/03\/unnamed.jpg 1408w\" sizes=\"(max-width: 300px) 100vw, 300px\" \/><\/a><\/div><a class=\"wp-block-latest-posts__post-title\" href=\"https:\/\/parafianiwa.pl\/index.php\/2026\/03\/18\/rekolekcje-wielkopostne-2026\/\">Rekolekcje wielkopostne 2026<\/a><time datetime=\"2026-03-18T22:03:24+01:00\" class=\"wp-block-latest-posts__post-date\">18 marca 2026<\/time><div class=\"wp-block-latest-posts__post-excerpt\">Rekolekcje Wielkopostne w Parafii \u015bw. Brata Alberta\u00a0\u00a0\nw Nowym Targu\u00a0od\u00a0V Niedzieli\u00a0Wielkiego Postu\u00a0<\/div><\/li>\n<li><div class=\"wp-block-latest-posts__featured-image aligncenter\"><a href=\"https:\/\/parafianiwa.pl\/index.php\/2025\/05\/10\/swiecenia-diakonatu\/\" aria-label=\"\u015awi\u0119cenia Diakonatu\"><img loading=\"lazy\" decoding=\"async\" width=\"300\" height=\"169\" src=\"https:\/\/parafianiwa.pl\/wp-content\/uploads\/2025\/05\/12-scaled-e1746899855508-300x169.jpg\" class=\"attachment-medium size-medium wp-post-image\" alt=\"\" style=\"\" srcset=\"https:\/\/parafianiwa.pl\/wp-content\/uploads\/2025\/05\/12-scaled-e1746899855508-300x169.jpg 300w, https:\/\/parafianiwa.pl\/wp-content\/uploads\/2025\/05\/12-scaled-e1746899855508-1024x577.jpg 1024w, https:\/\/parafianiwa.pl\/wp-content\/uploads\/2025\/05\/12-scaled-e1746899855508-768x433.jpg 768w, https:\/\/parafianiwa.pl\/wp-content\/uploads\/2025\/05\/12-scaled-e1746899855508-1536x865.jpg 1536w, https:\/\/parafianiwa.pl\/wp-content\/uploads\/2025\/05\/12-scaled-e1746899855508-2048x1154.jpg 2048w, https:\/\/parafianiwa.pl\/wp-content\/uploads\/2025\/05\/12-scaled-e1746899855508-1000x563.jpg 1000w, https:\/\/parafianiwa.pl\/wp-content\/uploads\/2025\/05\/12-scaled-e1746899855508-230x130.jpg 230w, https:\/\/parafianiwa.pl\/wp-content\/uploads\/2025\/05\/12-scaled-e1746899855508-350x197.jpg 350w, https:\/\/parafianiwa.pl\/wp-content\/uploads\/2025\/05\/12-scaled-e1746899855508-480x270.jpg 480w\" sizes=\"(max-width: 300px) 100vw, 300px\" \/><\/a><\/div><a class=\"wp-block-latest-posts__post-title\" href=\"https:\/\/parafianiwa.pl\/index.php\/2025\/05\/10\/swiecenia-diakonatu\/\">\u015awi\u0119cenia Diakonatu<\/a><time datetime=\"2025-05-10T20:01:54+02:00\" class=\"wp-block-latest-posts__post-date\">10 maja 2025<\/time><div class=\"wp-block-latest-posts__post-excerpt\">W czwartek, 8 maja 2025 roku, w uroczysto\u015b\u0107 \u015bw. Stanis\u0142awa, Biskupa i M\u0119czennika, w katedrze na Wawelu odby\u0142y si\u0119 \u015bwi\u0119cenia diakonatu.Metropolita Krakowski,&#8230; <a href=\"https:\/\/parafianiwa.pl\/index.php\/2025\/05\/10\/swiecenia-diakonatu\/\" rel=\"noopener noreferrer\">Czytaj wi\u0119cej<span class=\"screen-reader-text\">: \u015awi\u0119cenia Diakonatu<\/span><\/a><\/div><\/li>\n<li><div class=\"wp-block-latest-posts__featured-image aligncenter\"><a href=\"https:\/\/parafianiwa.pl\/index.php\/2025\/04\/20\/gazetka-u-brata-niedziela-zmartwychwstania-panskiego\/\" aria-label=\"Gazetka u Brata \u2014 Niedziela Zmartwychwstania Pa\u0144skiego\"><img loading=\"lazy\" decoding=\"async\" width=\"300\" height=\"169\" src=\"https:\/\/parafianiwa.pl\/wp-content\/uploads\/2025\/04\/746188_2LPY_QBA_8154_83.jpg-e1745102314922-300x169.webp\" class=\"attachment-medium size-medium wp-post-image\" alt=\"\" style=\"\" srcset=\"https:\/\/parafianiwa.pl\/wp-content\/uploads\/2025\/04\/746188_2LPY_QBA_8154_83.jpg-e1745102314922-300x169.webp 300w, https:\/\/parafianiwa.pl\/wp-content\/uploads\/2025\/04\/746188_2LPY_QBA_8154_83.jpg-e1745102314922-1024x576.webp 1024w, https:\/\/parafianiwa.pl\/wp-content\/uploads\/2025\/04\/746188_2LPY_QBA_8154_83.jpg-e1745102314922-768x432.webp 768w, https:\/\/parafianiwa.pl\/wp-content\/uploads\/2025\/04\/746188_2LPY_QBA_8154_83.jpg-e1745102314922-1000x563.webp 1000w, https:\/\/parafianiwa.pl\/wp-content\/uploads\/2025\/04\/746188_2LPY_QBA_8154_83.jpg-e1745102314922-230x129.webp 230w, https:\/\/parafianiwa.pl\/wp-content\/uploads\/2025\/04\/746188_2LPY_QBA_8154_83.jpg-e1745102314922-350x197.webp 350w, https:\/\/parafianiwa.pl\/wp-content\/uploads\/2025\/04\/746188_2LPY_QBA_8154_83.jpg-e1745102314922-480x270.webp 480w, https:\/\/parafianiwa.pl\/wp-content\/uploads\/2025\/04\/746188_2LPY_QBA_8154_83.jpg-e1745102314922.webp 1196w\" sizes=\"(max-width: 300px) 100vw, 300px\" \/><\/a><\/div><a class=\"wp-block-latest-posts__post-title\" href=\"https:\/\/parafianiwa.pl\/index.php\/2025\/04\/20\/gazetka-u-brata-niedziela-zmartwychwstania-panskiego\/\">Gazetka u Brata \u2014 Niedziela Zmartwychwstania Pa\u0144skiego<\/a><time datetime=\"2025-04-20T00:38:50+02:00\" class=\"wp-block-latest-posts__post-date\">20 kwietnia 2025<\/time><div class=\"wp-block-latest-posts__post-excerpt\"><\/div><\/li>\n<li><div class=\"wp-block-latest-posts__featured-image aligncenter\"><a href=\"https:\/\/parafianiwa.pl\/index.php\/2025\/04\/05\/rekolekcje-wielkopostne-17-20-marca-2024\/\" aria-label=\"Rekolekcje Wielkopostne 2025\"><img loading=\"lazy\" decoding=\"async\" width=\"300\" height=\"169\" src=\"https:\/\/parafianiwa.pl\/wp-content\/uploads\/2024\/03\/16769665648709_wielki-post-e1710272336243-300x169.png\" class=\"attachment-medium size-medium wp-post-image\" alt=\"\" style=\"\" srcset=\"https:\/\/parafianiwa.pl\/wp-content\/uploads\/2024\/03\/16769665648709_wielki-post-e1710272336243-300x169.png 300w, https:\/\/parafianiwa.pl\/wp-content\/uploads\/2024\/03\/16769665648709_wielki-post-e1710272336243-1024x576.png 1024w, https:\/\/parafianiwa.pl\/wp-content\/uploads\/2024\/03\/16769665648709_wielki-post-e1710272336243-768x432.png 768w, https:\/\/parafianiwa.pl\/wp-content\/uploads\/2024\/03\/16769665648709_wielki-post-e1710272336243-1000x563.png 1000w, https:\/\/parafianiwa.pl\/wp-content\/uploads\/2024\/03\/16769665648709_wielki-post-e1710272336243-230x129.png 230w, https:\/\/parafianiwa.pl\/wp-content\/uploads\/2024\/03\/16769665648709_wielki-post-e1710272336243-350x197.png 350w, https:\/\/parafianiwa.pl\/wp-content\/uploads\/2024\/03\/16769665648709_wielki-post-e1710272336243-480x270.png 480w, https:\/\/parafianiwa.pl\/wp-content\/uploads\/2024\/03\/16769665648709_wielki-post-e1710272336243.png 1280w\" sizes=\"(max-width: 300px) 100vw, 300px\" \/><\/a><\/div><a class=\"wp-block-latest-posts__post-title\" href=\"https:\/\/parafianiwa.pl\/index.php\/2025\/04\/05\/rekolekcje-wielkopostne-17-20-marca-2024\/\">Rekolekcje Wielkopostne 2025<\/a><time datetime=\"2025-04-05T22:32:55+02:00\" class=\"wp-block-latest-posts__post-date\">5 kwietnia 2025<\/time><div class=\"wp-block-latest-posts__post-excerpt\">Tegoroczne Rekolekcje Wielkopostne w naszej parafii! poprowadzi dla nas ks. \u0141ukasz Nizio \u2013 duszpasterz i kapelan sportowc\u00f3w Otoczmy modlitw\u0105 zar\u00f3wno naszego Rekolekcjonist\u0119,&#8230; <a href=\"https:\/\/parafianiwa.pl\/index.php\/2025\/04\/05\/rekolekcje-wielkopostne-17-20-marca-2024\/\" rel=\"noopener noreferrer\">Czytaj wi\u0119cej<span class=\"screen-reader-text\">: Rekolekcje Wielkopostne 2025<\/span><\/a><\/div><\/li>\n<li><div class=\"wp-block-latest-posts__featured-image aligncenter\"><a href=\"https:\/\/parafianiwa.pl\/index.php\/2024\/12\/01\/przyjecie-nowych-ministrantow\/\" aria-label=\"Przyj\u0119cie nowych ministrant\u00f3w\"><img loading=\"lazy\" decoding=\"async\" width=\"300\" height=\"169\" src=\"https:\/\/parafianiwa.pl\/wp-content\/uploads\/2024\/12\/468527129_873853178288315_3569498915949826239_n-e1733089696398-300x169.jpg\" class=\"attachment-medium size-medium wp-post-image\" alt=\"\" style=\"\" srcset=\"https:\/\/parafianiwa.pl\/wp-content\/uploads\/2024\/12\/468527129_873853178288315_3569498915949826239_n-e1733089696398-300x169.jpg 300w, https:\/\/parafianiwa.pl\/wp-content\/uploads\/2024\/12\/468527129_873853178288315_3569498915949826239_n-e1733089696398-1024x577.jpg 1024w, https:\/\/parafianiwa.pl\/wp-content\/uploads\/2024\/12\/468527129_873853178288315_3569498915949826239_n-e1733089696398-768x432.jpg 768w, https:\/\/parafianiwa.pl\/wp-content\/uploads\/2024\/12\/468527129_873853178288315_3569498915949826239_n-e1733089696398-1536x865.jpg 1536w, https:\/\/parafianiwa.pl\/wp-content\/uploads\/2024\/12\/468527129_873853178288315_3569498915949826239_n-e1733089696398-1000x563.jpg 1000w, https:\/\/parafianiwa.pl\/wp-content\/uploads\/2024\/12\/468527129_873853178288315_3569498915949826239_n-e1733089696398-230x130.jpg 230w, https:\/\/parafianiwa.pl\/wp-content\/uploads\/2024\/12\/468527129_873853178288315_3569498915949826239_n-e1733089696398-350x197.jpg 350w, https:\/\/parafianiwa.pl\/wp-content\/uploads\/2024\/12\/468527129_873853178288315_3569498915949826239_n-e1733089696398-480x270.jpg 480w, https:\/\/parafianiwa.pl\/wp-content\/uploads\/2024\/12\/468527129_873853178288315_3569498915949826239_n-e1733089696398.jpg 1600w\" sizes=\"(max-width: 300px) 100vw, 300px\" \/><\/a><\/div><a class=\"wp-block-latest-posts__post-title\" href=\"https:\/\/parafianiwa.pl\/index.php\/2024\/12\/01\/przyjecie-nowych-ministrantow\/\">Przyj\u0119cie nowych ministrant\u00f3w<\/a><time datetime=\"2024-12-01T22:48:25+01:00\" class=\"wp-block-latest-posts__post-date\">1 grudnia 2024<\/time><div class=\"wp-block-latest-posts__post-excerpt\">W Pierwsz\u0105 Niedziel\u0119 Adwentu przyj\u0119li\u015bmy do grona S\u0142u\u017cby Liturgicznej trzech nowych ministrant\u00f3w . Dzi\u0119kujemy nowym ministrantom oraz ich rodzicom za \u015bwiadectwo wiary&#8230; <a href=\"https:\/\/parafianiwa.pl\/index.php\/2024\/12\/01\/przyjecie-nowych-ministrantow\/\" rel=\"noopener noreferrer\">Czytaj wi\u0119cej<span class=\"screen-reader-text\">: Przyj\u0119cie nowych ministrant\u00f3w<\/span><\/a><\/div><\/li>\n<\/ul>\n\n\n<hr class=\"wp-block-separator has-css-opacity\"\/>\n\n\n\n<p><\/p>\n","protected":false},"excerpt":{"rendered":"<p>Aktualno\u015bci<\/p>\n","protected":false},"author":1,"featured_media":819,"parent":0,"menu_order":0,"comment_status":"closed","ping_status":"closed","template":"page-templates\/page_front-page.php","meta":{"footnotes":""},"_links":{"self":[{"href":"https:\/\/parafianiwa.pl\/index.php\/wp-json\/wp\/v2\/pages\/570"}],"collection":[{"href":"https:\/\/parafianiwa.pl\/index.php\/wp-json\/wp\/v2\/pages"}],"about":[{"href":"https:\/\/parafianiwa.pl\/index.php\/wp-json\/wp\/v2\/types\/page"}],"author":[{"embeddable":true,"href":"https:\/\/parafianiwa.pl\/index.php\/wp-json\/wp\/v2\/users\/1"}],"replies":[{"embeddable":true,"href":"https:\/\/parafianiwa.pl\/index.php\/wp-json\/wp\/v2\/comments?post=570"}],"version-history":[{"count":80,"href":"https:\/\/parafianiwa.pl\/index.php\/wp-json\/wp\/v2\/pages\/570\/revisions"}],"predecessor-version":[{"id":4460,"href":"https:\/\/parafianiwa.pl\/index.php\/wp-json\/wp\/v2\/pages\/570\/revisions\/4460"}],"wp:featuredmedia":[{"embeddable":true,"href":"https:\/\/parafianiwa.pl\/index.php\/wp-json\/wp\/v2\/media\/819"}],"wp:attachment":[{"href":"https:\/\/parafianiwa.pl\/index.php\/wp-json\/wp\/v2\/media?parent=570"}],"curies":[{"name":"wp","href":"https:\/\/api.w.org\/{rel}","templated":true}]}}