{"id":1015,"date":"2020-03-30T22:07:53","date_gmt":"2020-03-30T20:07:53","guid":{"rendered":"http:\/\/parafianiwa.pl\/?page_id=1015"},"modified":"2020-03-30T22:13:41","modified_gmt":"2020-03-30T20:13:41","slug":"wydarzenia","status":"publish","type":"page","link":"https:\/\/parafianiwa.pl\/index.php\/wydarzenia\/","title":{"rendered":"Wydarzenia"},"content":{"rendered":"<ul class=\"wp-block-latest-posts__list has-dates wp-block-latest-posts\"><li><a class=\"wp-block-latest-posts__post-title\" href=\"https:\/\/parafianiwa.pl\/index.php\/2026\/04\/01\/triduum-paschalne-2026\/\">Triduum Paschalne 2026<\/a><time datetime=\"2026-04-01T23:45:46+02:00\" class=\"wp-block-latest-posts__post-date\">1 kwietnia 2026<\/time><div class=\"wp-block-latest-posts__post-excerpt\"><\/div><\/li>\n<li><a class=\"wp-block-latest-posts__post-title\" href=\"https:\/\/parafianiwa.pl\/index.php\/2026\/03\/18\/rekolekcje-wielkopostne-2026\/\">Rekolekcje wielkopostne 2026<\/a><time datetime=\"2026-03-18T22:03:24+01:00\" class=\"wp-block-latest-posts__post-date\">18 marca 2026<\/time><div class=\"wp-block-latest-posts__post-excerpt\">Rekolekcje Wielkopostne w Parafii \u015bw. Brata Alberta\u00a0\u00a0\nw Nowym Targu\u00a0od\u00a0V Niedzieli\u00a0Wielkiego Postu\u00a0<\/div><\/li>\n<li><a class=\"wp-block-latest-posts__post-title\" href=\"https:\/\/parafianiwa.pl\/index.php\/2025\/05\/10\/swiecenia-diakonatu\/\">\u015awi\u0119cenia Diakonatu<\/a><time datetime=\"2025-05-10T20:01:54+02:00\" class=\"wp-block-latest-posts__post-date\">10 maja 2025<\/time><div class=\"wp-block-latest-posts__post-excerpt\">W czwartek, 8 maja 2025 roku, w uroczysto\u015b\u0107 \u015bw. Stanis\u0142awa, Biskupa i M\u0119czennika, w katedrze na Wawelu odby\u0142y si\u0119 \u015bwi\u0119cenia diakonatu.Metropolita Krakowski,&#8230; <a href=\"https:\/\/parafianiwa.pl\/index.php\/2025\/05\/10\/swiecenia-diakonatu\/\" rel=\"noopener noreferrer\">Czytaj wi\u0119cej<span class=\"screen-reader-text\">: \u015awi\u0119cenia Diakonatu<\/span><\/a><\/div><\/li>\n<li><a class=\"wp-block-latest-posts__post-title\" href=\"https:\/\/parafianiwa.pl\/index.php\/2025\/04\/05\/rekolekcje-wielkopostne-17-20-marca-2024\/\">Rekolekcje Wielkopostne 2025<\/a><time datetime=\"2025-04-05T22:32:55+02:00\" class=\"wp-block-latest-posts__post-date\">5 kwietnia 2025<\/time><div class=\"wp-block-latest-posts__post-excerpt\">Tegoroczne Rekolekcje Wielkopostne w naszej parafii! poprowadzi dla nas ks. \u0141ukasz Nizio \u2013 duszpasterz i kapelan sportowc\u00f3w Otoczmy modlitw\u0105 zar\u00f3wno naszego Rekolekcjonist\u0119,&#8230; <a href=\"https:\/\/parafianiwa.pl\/index.php\/2025\/04\/05\/rekolekcje-wielkopostne-17-20-marca-2024\/\" rel=\"noopener noreferrer\">Czytaj wi\u0119cej<span class=\"screen-reader-text\">: Rekolekcje Wielkopostne 2025<\/span><\/a><\/div><\/li>\n<li><a class=\"wp-block-latest-posts__post-title\" href=\"https:\/\/parafianiwa.pl\/index.php\/2022\/05\/11\/i-komunia-swieta\/\">I Komunia \u015awi\u0119ta<\/a><time datetime=\"2022-05-11T16:39:41+02:00\" class=\"wp-block-latest-posts__post-date\">11 maja 2022<\/time><div class=\"wp-block-latest-posts__post-excerpt\">W dniu 8 maja 2022 w naszej parafii mia\u0142a miejsce I Komunia \u015awi\u0119ta, do kt\u00f3rej przyst\u0105pi\u0142o 35 dzieci. To bardzo wa\u017cne wydarzenie&#8230; <a href=\"https:\/\/parafianiwa.pl\/index.php\/2022\/05\/11\/i-komunia-swieta\/\" rel=\"noopener noreferrer\">Czytaj wi\u0119cej<span class=\"screen-reader-text\">: I Komunia \u015awi\u0119ta<\/span><\/a><\/div><\/li>\n<\/ul>\n\n\n<div class=\"wp-block-columns is-layout-flex wp-container-core-columns-layout-1 wp-block-columns-is-layout-flex\">\n<div class=\"wp-block-column is-layout-flow wp-block-column-is-layout-flow\">\n<div class=\"wp-block-button aligncenter is-style-outline\"><a class=\"wp-block-button__link no-border-radius\" href=\"http:\/\/parafianiwa.pl\/index.php\/grupy-parafialne\/\">Powr\u00f3t<\/a><\/div>\n<\/div>\n\n\n\n<div class=\"wp-block-column is-layout-flow wp-block-column-is-layout-flow\">\n<div class=\"wp-block-button aligncenter is-style-outline\"><a class=\"wp-block-button__link no-border-radius\" href=\"https:\/\/facebook.com\/parafianiwa\">Parafialny Facebook<\/a><\/div>\n<\/div>\n<\/div>\n","protected":false},"excerpt":{"rendered":"","protected":false},"author":1,"featured_media":0,"parent":0,"menu_order":0,"comment_status":"closed","ping_status":"closed","template":"","meta":{"footnotes":""},"_links":{"self":[{"href":"https:\/\/parafianiwa.pl\/index.php\/wp-json\/wp\/v2\/pages\/1015"}],"collection":[{"href":"https:\/\/parafianiwa.pl\/index.php\/wp-json\/wp\/v2\/pages"}],"about":[{"href":"https:\/\/parafianiwa.pl\/index.php\/wp-json\/wp\/v2\/types\/page"}],"author":[{"embeddable":true,"href":"https:\/\/parafianiwa.pl\/index.php\/wp-json\/wp\/v2\/users\/1"}],"replies":[{"embeddable":true,"href":"https:\/\/parafianiwa.pl\/index.php\/wp-json\/wp\/v2\/comments?post=1015"}],"version-history":[{"count":2,"href":"https:\/\/parafianiwa.pl\/index.php\/wp-json\/wp\/v2\/pages\/1015\/revisions"}],"predecessor-version":[{"id":1017,"href":"https:\/\/parafianiwa.pl\/index.php\/wp-json\/wp\/v2\/pages\/1015\/revisions\/1017"}],"wp:attachment":[{"href":"https:\/\/parafianiwa.pl\/index.php\/wp-json\/wp\/v2\/media?parent=1015"}],"curies":[{"name":"wp","href":"https:\/\/api.w.org\/{rel}","templated":true}]}}